{"id":3424,"date":"2022-07-12T08:19:38","date_gmt":"2022-07-12T11:19:38","guid":{"rendered":"https:\/\/www.saaesaolourenco.mg.gov.br\/webv1\/?page_id=3424"},"modified":"2022-07-12T08:21:12","modified_gmt":"2022-07-12T11:21:12","slug":"cotacoes-de-precos-inativa","status":"publish","type":"page","link":"https:\/\/www.saaesaolourenco.mg.gov.br\/webv1\/cotacoes-de-precos-inativa\/","title":{"rendered":"Cota\u00e7\u00f5es de pre\u00e7os inativas"},"content":{"rendered":"\n<p>O Servi\u00e7o Aut\u00f4nomo de \u00c1gua e Esgoto de S\u00e3o Louren\u00e7o\/MG, visando a transpar\u00eancia, agilidade e a economicidade em suas compras, est\u00e1 disponibilizando a quaisquer interessados que cumprirem os requisitos previstos em Lei, a possibilidade de participar de suas cota\u00e7\u00f5es.<\/p>\n\n\n\n<p>Abaixo est\u00e3o as cota\u00e7\u00f5es de pre\u00e7os que j\u00e1 foram realizadas.<\/p>\n","protected":false},"excerpt":{"rendered":"<p>O Servi\u00e7o Aut\u00f4nomo de \u00c1gua e Esgoto de S\u00e3o Louren\u00e7o\/MG, visando a transpar\u00eancia, agilidade e a economicidade em suas compras, est\u00e1 disponibilizando a quaisquer interessados que<span class=\"excerpt-hellip\"> [\u2026]<\/span><\/p>\n","protected":false},"author":1,"featured_media":0,"parent":0,"menu_order":0,"comment_status":"closed","ping_status":"closed","template":"","meta":{"footnotes":""},"class_list":["post-3424","page","type-page","status-publish","hentry"],"_links":{"self":[{"href":"https:\/\/www.saaesaolourenco.mg.gov.br\/webv1\/wp-json\/wp\/v2\/pages\/3424","targetHints":{"allow":["GET"]}}],"collection":[{"href":"https:\/\/www.saaesaolourenco.mg.gov.br\/webv1\/wp-json\/wp\/v2\/pages"}],"about":[{"href":"https:\/\/www.saaesaolourenco.mg.gov.br\/webv1\/wp-json\/wp\/v2\/types\/page"}],"author":[{"embeddable":true,"href":"https:\/\/www.saaesaolourenco.mg.gov.br\/webv1\/wp-json\/wp\/v2\/users\/1"}],"replies":[{"embeddable":true,"href":"https:\/\/www.saaesaolourenco.mg.gov.br\/webv1\/wp-json\/wp\/v2\/comments?post=3424"}],"version-history":[{"count":3,"href":"https:\/\/www.saaesaolourenco.mg.gov.br\/webv1\/wp-json\/wp\/v2\/pages\/3424\/revisions"}],"predecessor-version":[{"id":3428,"href":"https:\/\/www.saaesaolourenco.mg.gov.br\/webv1\/wp-json\/wp\/v2\/pages\/3424\/revisions\/3428"}],"wp:attachment":[{"href":"https:\/\/www.saaesaolourenco.mg.gov.br\/webv1\/wp-json\/wp\/v2\/media?parent=3424"}],"curies":[{"name":"wp","href":"https:\/\/api.w.org\/{rel}","templated":true}]}}