{"id":1143,"date":"2019-11-26T08:48:50","date_gmt":"2019-11-26T11:48:50","guid":{"rendered":"https:\/\/www.saaesaolourenco.mg.gov.br\/webv1\/?page_id=1143"},"modified":"2019-11-26T10:29:57","modified_gmt":"2019-11-26T13:29:57","slug":"cotacoes-de-precos","status":"publish","type":"page","link":"https:\/\/www.saaesaolourenco.mg.gov.br\/webv1\/cotacoes-de-precos\/","title":{"rendered":"Cota\u00e7\u00f5es de pre\u00e7os"},"content":{"rendered":"\n<p>O Servi\u00e7o Aut\u00f4nomo de \u00c1gua e Esgoto de S\u00e3o Louren\u00e7o\/MG, visando a transpar\u00eancia, agilidade e a economicidade em suas compras, est\u00e1 disponibilizando a quaisquer interessados que cumprirem os requisitos previstos em Lei, a possibilidade de participar de suas cota\u00e7\u00f5es.<\/p>\n\n\n\n<p>O formul\u00e1rio de cota\u00e7\u00e3o poder\u00e1 ser inserido no pr\u00f3prio site ou enviado para o email <a href=\"mailto:licitacao@saaesaolourenco.mg.gov.br\">licitacao@saaesaolourenco.mg.gov.br<\/a><\/p>\n","protected":false},"excerpt":{"rendered":"<p>O Servi\u00e7o Aut\u00f4nomo de \u00c1gua e Esgoto de S\u00e3o Louren\u00e7o\/MG, visando a transpar\u00eancia, agilidade e a economicidade em suas compras, est\u00e1 disponibilizando a quaisquer interessados que<span class=\"excerpt-hellip\"> [\u2026]<\/span><\/p>\n","protected":false},"author":1,"featured_media":0,"parent":0,"menu_order":0,"comment_status":"closed","ping_status":"closed","template":"","meta":{"footnotes":""},"class_list":["post-1143","page","type-page","status-publish","hentry"],"_links":{"self":[{"href":"https:\/\/www.saaesaolourenco.mg.gov.br\/webv1\/wp-json\/wp\/v2\/pages\/1143","targetHints":{"allow":["GET"]}}],"collection":[{"href":"https:\/\/www.saaesaolourenco.mg.gov.br\/webv1\/wp-json\/wp\/v2\/pages"}],"about":[{"href":"https:\/\/www.saaesaolourenco.mg.gov.br\/webv1\/wp-json\/wp\/v2\/types\/page"}],"author":[{"embeddable":true,"href":"https:\/\/www.saaesaolourenco.mg.gov.br\/webv1\/wp-json\/wp\/v2\/users\/1"}],"replies":[{"embeddable":true,"href":"https:\/\/www.saaesaolourenco.mg.gov.br\/webv1\/wp-json\/wp\/v2\/comments?post=1143"}],"version-history":[{"count":1,"href":"https:\/\/www.saaesaolourenco.mg.gov.br\/webv1\/wp-json\/wp\/v2\/pages\/1143\/revisions"}],"predecessor-version":[{"id":1144,"href":"https:\/\/www.saaesaolourenco.mg.gov.br\/webv1\/wp-json\/wp\/v2\/pages\/1143\/revisions\/1144"}],"wp:attachment":[{"href":"https:\/\/www.saaesaolourenco.mg.gov.br\/webv1\/wp-json\/wp\/v2\/media?parent=1143"}],"curies":[{"name":"wp","href":"https:\/\/api.w.org\/{rel}","templated":true}]}}